{"id":3,"date":"2023-06-12T12:48:37","date_gmt":"2023-06-12T17:48:37","guid":{"rendered":"http:\/\/elmandadoya.com\/?page_id=3"},"modified":"2026-03-23T10:24:00","modified_gmt":"2026-03-23T15:24:00","slug":"quienes-somos","status":"publish","type":"page","link":"https:\/\/elmandadoya.com\/index.php\/quienes-somos\/","title":{"rendered":"El Mandado YA"},"content":{"rendered":"\t\t<div data-elementor-type=\"wp-page\" data-elementor-id=\"3\" class=\"elementor elementor-3\">\n\t\t\t\t\t\t\t\t\t<section class=\"elementor-section elementor-top-section elementor-element elementor-element-6f85ff2d elementor-section-boxed elementor-section-height-default elementor-section-height-default\" data-id=\"6f85ff2d\" data-element_type=\"section\">\n\t\t\t\t\t\t<div class=\"elementor-container elementor-column-gap-default\">\n\t\t\t\t\t<div class=\"elementor-column elementor-col-100 elementor-top-column elementor-element elementor-element-6b4326f2\" data-id=\"6b4326f2\" data-element_type=\"column\">\n\t\t\t<div class=\"elementor-widget-wrap elementor-element-populated\">\n\t\t\t\t\t\t\t\t<div class=\"elementor-element elementor-element-4b5c5e09 elementor-widget elementor-widget-text-editor\" data-id=\"4b5c5e09\" data-element_type=\"widget\" data-widget_type=\"text-editor.default\">\n\t\t\t\t<div class=\"elementor-widget-container\">\n\t\t\t<style>\/*! elementor - v3.13.3 - 28-05-2023 *\/\n.elementor-widget-text-editor.elementor-drop-cap-view-stacked .elementor-drop-cap{background-color:#69727d;color:#fff}.elementor-widget-text-editor.elementor-drop-cap-view-framed .elementor-drop-cap{color:#69727d;border:3px solid;background-color:transparent}.elementor-widget-text-editor:not(.elementor-drop-cap-view-default) .elementor-drop-cap{margin-top:8px}.elementor-widget-text-editor:not(.elementor-drop-cap-view-default) .elementor-drop-cap-letter{width:1em;height:1em}.elementor-widget-text-editor .elementor-drop-cap{float:left;text-align:center;line-height:1;font-size:50px}.elementor-widget-text-editor .elementor-drop-cap-letter{display:inline-block}<\/style>\t\t\t\t<p><!-- wp:heading --><\/p>\n<h2>Qui\u00e9nes somos<\/h2>\n<p><!-- \/wp:heading --><!-- wp:paragraph --><\/p>\n<p><strong class=\"privacy-policy-tutorial\">&nbsp;&nbsp;<\/strong><\/p>\n<p>Una empresa de mensajer\u00eda que brinda soluciones integrales log\u00edsticas en distribuci\u00f3n , paqueteo, tramites y diligencias ante eps, notarias, registradur\u00edas entre otras.&nbsp; Prestando un servicio personalizado y con inmediatez.&nbsp; &nbsp; &nbsp;&nbsp;<\/p>\n<p><\/p>\n<p><!-- \/wp:paragraph --><!-- wp:heading --><\/p>\n<h2>Cobertura<\/h2>\n<p><!-- \/wp:heading --><!-- wp:paragraph --><\/p>\n<p>En Cundinamarca con alcance en menos de 24 horas est\u00e1n:<\/p>\n<p>Pacho, Zipaquir\u00e1, Cajic\u00e1, Ch\u00eda y Bogot\u00e1. Otros lugares est\u00e1n sujetos a estudio de tiempos.<\/p>\n<h2>Nuestros servicios<\/h2>\n<p><!-- \/wp:heading --><!-- wp:paragraph --><\/p>\n<p><strong class=\"privacy-policy-tutorial\">Env\u00edos paquetes<\/strong><\/p>\n<p><strong class=\"privacy-policy-tutorial\">Recogida de paquetes<\/strong><\/p>\n<p><strong class=\"privacy-policy-tutorial\">Tramites ante EPS, Notarias, Registradur\u00edas, otras entidades publicas privadas<\/strong><\/p>\n<p><!-- \/wp:paragraph --><!-- wp:heading --><\/p>\n<p><\/p>\n<p><!-- \/wp:paragraph --><\/p>\t\t\t\t\t\t<\/div>\n\t\t\t\t<\/div>\n\t\t\t\t\t<\/div>\n\t\t<\/div>\n\t\t\t\t\t\t\t<\/div>\n\t\t<\/section>\n\t\t\t\t<section class=\"elementor-section elementor-top-section elementor-element elementor-element-8b29c75 elementor-section-boxed elementor-section-height-default elementor-section-height-default\" data-id=\"8b29c75\" data-element_type=\"section\">\n\t\t\t\t\t\t<div class=\"elementor-container elementor-column-gap-default\">\n\t\t\t\t\t<div class=\"elementor-column elementor-col-100 elementor-top-column elementor-element elementor-element-b08dca0\" data-id=\"b08dca0\" data-element_type=\"column\">\n\t\t\t<div class=\"elementor-widget-wrap elementor-element-populated\">\n\t\t\t\t\t\t\t\t<div class=\"elementor-element elementor-element-349f6cb elementor-widget elementor-widget-shortcode\" data-id=\"349f6cb\" data-element_type=\"widget\" data-widget_type=\"shortcode.default\">\n\t\t\t\t<div class=\"elementor-widget-container\">\n\t\t\t\t\t<div class=\"elementor-shortcode\"><!DOCTYPE html>\n<html lang=\"es\">\n<head>\n    <meta charset=\"UTF-8\">\n    <title>Cotizador de Env\u00edos<\/title>\n    <style>\n        body { font-family: Arial, sans-serif; padding: 20px; }\n        .cotizador-box { max-width: 400px; margin: auto; border: 1px solid #ccc; padding: 20px; border-radius: 8px; }\n        .form-group { margin-bottom: 15px; }\n        label { display: block; margin-bottom: 5px; }\n        input, select { width: 100%; padding: 8px; box-sizing: border-box; }\n        button { width: 100%; padding: 10px; background-color: #28a745; color: white; border: none; border-radius: 4px; cursor: pointer; }\n        #resultado { margin-top: 20px; font-weight: bold; text-align: center; }\n    <\/style>\n<\/head>\n<body>\n\n<div class=\"cotizador-box\">\n    <h3>Cotizar Env\u00edo<\/h3>\n    <div class=\"form-group\">\n        <label>Tipo de Paquete:<\/label>\n        <select id=\"tipoEnvio\">\n            <option value=\"10\">Econ\u00f3mico ($10\/kg)<\/option>\n            <option value=\"20\">Expreso ($20\/kg)<\/option>\n        <\/select>\n    <\/div>\n    <div class=\"form-group\">\n        <label>Peso (kg):<\/label>\n        <input type=\"number\" id=\"peso\" placeholder=\"0\" min=\"1\">\n    <\/div>\n    <div class=\"form-group\">\n        <label>Distancia (km):<\/label>\n        <input type=\"number\" id=\"distancia\" placeholder=\"0\" min=\"1\">\n    <\/div>\n    <button onclick=\"calcularEnvio()\">Cotizar<\/button>\n    \n    <div id=\"resultado\"><\/div>\n<\/div>\n\n<script>\n    function calcularEnvio() {\n        const precioKg = parseFloat(document.getElementById('tipoEnvio').value);\n        const peso = parseFloat(document.getElementById('peso').value);\n        const distancia = parseFloat(document.getElementById('distancia').value);\n        \n        if (isNaN(peso) || isNaN(distancia) || peso <= 0 || distancia <= 0) {\n            document.getElementById('resultado').innerHTML = \"Por favor ingrese valores v\u00e1lidos.\";\n            return;\n        }\n        \n        const costo = (peso * precioKg) + (distancia * 2); \/\/ 2 es tarifa por km\n        document.getElementById('resultado').innerHTML = \"Costo Total: $\" + costo.toFixed(2);\n    }\n<\/script>\n\n<\/body>\n<\/html><\/div>\n\t\t\t\t<\/div>\n\t\t\t\t<\/div>\n\t\t\t\t\t<\/div>\n\t\t<\/div>\n\t\t\t\t\t\t\t<\/div>\n\t\t<\/section>\n\t\t\t\t\t\t\t<\/div>\n\t\t","protected":false},"excerpt":{"rendered":"<p>Qui\u00e9nes somos &nbsp;&nbsp; Una empresa de mensajer\u00eda que brinda soluciones integrales log\u00edsticas en distribuci\u00f3n , paqueteo, tramites y diligencias ante eps, notarias, registradur\u00edas entre otras.&nbsp; Prestando un servicio personalizado y con inmediatez.&nbsp; &nbsp; &nbsp;&nbsp; Cobertura En Cundinamarca con alcance en menos de 24 horas est\u00e1n:&hellip;<\/p>\n","protected":false},"author":1,"featured_media":0,"parent":0,"menu_order":0,"comment_status":"closed","ping_status":"open","template":"","meta":[],"jetpack_sharing_enabled":true,"jetpack_likes_enabled":true,"_links":{"self":[{"href":"https:\/\/elmandadoya.com\/index.php\/wp-json\/wp\/v2\/pages\/3"}],"collection":[{"href":"https:\/\/elmandadoya.com\/index.php\/wp-json\/wp\/v2\/pages"}],"about":[{"href":"https:\/\/elmandadoya.com\/index.php\/wp-json\/wp\/v2\/types\/page"}],"author":[{"embeddable":true,"href":"https:\/\/elmandadoya.com\/index.php\/wp-json\/wp\/v2\/users\/1"}],"replies":[{"embeddable":true,"href":"https:\/\/elmandadoya.com\/index.php\/wp-json\/wp\/v2\/comments?post=3"}],"version-history":[{"count":11,"href":"https:\/\/elmandadoya.com\/index.php\/wp-json\/wp\/v2\/pages\/3\/revisions"}],"predecessor-version":[{"id":12464,"href":"https:\/\/elmandadoya.com\/index.php\/wp-json\/wp\/v2\/pages\/3\/revisions\/12464"}],"wp:attachment":[{"href":"https:\/\/elmandadoya.com\/index.php\/wp-json\/wp\/v2\/media?parent=3"}],"curies":[{"name":"wp","href":"https:\/\/api.w.org\/{rel}","templated":true}]}}