{"id":10,"date":"2024-06-17T17:34:59","date_gmt":"2024-06-17T22:34:59","guid":{"rendered":"http:\/\/elmandadoya.com\/?page_id=10"},"modified":"2026-04-07T19:10:32","modified_gmt":"2026-04-08T00:10:32","slug":"politicas","status":"publish","type":"page","link":"https:\/\/elmandadoya.com\/index.php\/politicas\/","title":{"rendered":"POL\u00cdTICAS"},"content":{"rendered":"\t\t<div data-elementor-type=\"wp-page\" data-elementor-id=\"10\" class=\"elementor elementor-10\">\n\t\t\t\t\t\t\t\t\t<section class=\"elementor-section elementor-top-section elementor-element elementor-element-684cbe49 elementor-section-boxed elementor-section-height-default elementor-section-height-default\" data-id=\"684cbe49\" data-element_type=\"section\">\n\t\t\t\t\t\t<div class=\"elementor-container elementor-column-gap-default\">\n\t\t\t\t\t<div class=\"elementor-column elementor-col-100 elementor-top-column elementor-element elementor-element-399a02d9\" data-id=\"399a02d9\" data-element_type=\"column\">\n\t\t\t<div class=\"elementor-widget-wrap elementor-element-populated\">\n\t\t\t\t\t\t\t\t<div class=\"elementor-element elementor-element-65961550 elementor-widget elementor-widget-text-editor\" data-id=\"65961550\" data-element_type=\"widget\" data-widget_type=\"text-editor.default\">\n\t\t\t\t<div class=\"elementor-widget-container\">\n\t\t\t<style>\/*! elementor - v3.13.3 - 28-05-2023 *\/\n.elementor-widget-text-editor.elementor-drop-cap-view-stacked .elementor-drop-cap{background-color:#69727d;color:#fff}.elementor-widget-text-editor.elementor-drop-cap-view-framed .elementor-drop-cap{color:#69727d;border:3px solid;background-color:transparent}.elementor-widget-text-editor:not(.elementor-drop-cap-view-default) .elementor-drop-cap{margin-top:8px}.elementor-widget-text-editor:not(.elementor-drop-cap-view-default) .elementor-drop-cap-letter{width:1em;height:1em}.elementor-widget-text-editor .elementor-drop-cap{float:left;text-align:center;line-height:1;font-size:50px}.elementor-widget-text-editor .elementor-drop-cap-letter{display:inline-block}<\/style>\t\t\t\t<p><!-- wp:paragraph --><\/p>\n<p>EL MANDADO YA SAS Para el <strong>tratamiento de datos persones<\/strong>, privacidad y protecci\u00f3n: considerada como responsable del tratamiento de datos personales, desarrolla la presente pol\u00edtica de privacidad y de protecci\u00f3n de datos personales a si como su recolecci\u00f3n, almacenamiento y administraci\u00f3n de acuerdo <span style=\"letter-spacing: 0px;\">&nbsp;con&nbsp;&nbsp;<\/span>Ley Estatutaria 1581 de 2012 y al Decreto 1377 de 2013<span style=\"letter-spacing: 0px;\">&nbsp;que desarrolla parcialmente la Ley de Habeas Data y&nbsp;<\/span><span style=\"letter-spacing: 0px;\">&nbsp;disposiciones especiales que hacen referencia al tratamiento de datos personales de naturaleza financiera, crediticia, comercial y de servicios previstas en la <strong>Ley 1266 de 2008<\/strong>, as\u00ed como en las normas que la reglamenten y modifiquen, que cobijan el origen, mantenimiento, administraci\u00f3n y extinci\u00f3n de obligaciones derivadas de relaciones de tal naturaleza.<\/span><\/p><p><span style=\"letter-spacing: 0px;\"><br><\/span><\/p><p><span style=\"letter-spacing: 0px;\"><br><\/span><\/p>\n<p>A<b>l hacer uso nuestros servicios debes tener&nbsp; en cuenta el cumplimiento de:<\/b>&nbsp;<\/p><p><br><\/p>\n<p>Los datos&nbsp; suministrados tanto&nbsp; de remitente&nbsp; como destinatario&nbsp; deben ser verdaderos, lo mas&nbsp; claro y especifico, para&nbsp; que el servicio sea&nbsp; efectivo ( nombres, tel\u00e9fonos direcciones&nbsp; correctas y&nbsp; completas, notas de especificaci\u00f3n).<\/p>\n<p>Agendamiento del servicio a trav\u00e9<span style=\"letter-spacing: 0px;\">s&nbsp; de&nbsp; la pagina aplica&nbsp; para&nbsp; cupones,&nbsp; cada uno&nbsp; tiene&nbsp; vigencia, t\u00e9rminos y&nbsp; condiciones los&nbsp; cuales&nbsp; ser\u00e1n publicados&nbsp; en la pagina principal&nbsp; segun aplique.<\/span><\/p><p><span style=\"letter-spacing: 0px;\"><br><\/span><\/p>\n<p><\/p>\n<p>P<b>ara servicios de&nbsp; recogidas&nbsp;<\/b><\/p><p><b><br><\/b><\/p>\n<p>Se deben cumplir&nbsp; con las siguientes condiciones:<\/p><p><br><\/p>\n<p>\ud83d\udcccSe genera un&nbsp; <b>c\u00f3digo&nbsp; de&nbsp; servici<\/b>o (numero de&nbsp; servicio \u00fanico) este debe estas plasmado en el rotulo y&nbsp; con el&nbsp; cual el mensajero recoge el paquete.<\/p>\n<p><span style=\"letter-spacing: 0px;\">\ud83d\udccc<\/span><span style=\"letter-spacing: 0px;\">Los paquetes deben estar rotulados, con hablador con el nombre, tel\u00e9fono, direcci\u00f3n y especificaciones de uso (delicado, ubicaci\u00f3n y mas&nbsp; de&nbsp; ser necesario).<\/span><\/p>\n<p><span style=\"letter-spacing: 0px;\">\ud83d\udccc<\/span>Todo paquete debe estar&nbsp; sellado, sin aperturas.<\/p>\n<p><span style=\"letter-spacing: 0px;\">\ud83d\udccc<\/span><span style=\"letter-spacing: 0px;\">Todo paquete debe estar debidamente empacado seg\u00fan el tipo de producto, con papel burbuja, cart\u00f3n, Vinipel, sobre plastificado, guacal u otro.<\/span><\/p>\n<p><span style=\"letter-spacing: 0px;\">\ud83d\udccc<\/span><span style=\"letter-spacing: 0px;\">Todo paquete&nbsp; debe estar listo al momento de la recogida, disponemos m\u00e1ximo de&nbsp; 5 minutos&nbsp; de espera, una&nbsp; vez llegue el mensajero a la direcci\u00f3n, cumplido este&nbsp; tiempo se factura el&nbsp; servicio de&nbsp; mensajer\u00eda y se procedemos a retirarnos de la direcci\u00f3n.<\/span><\/p>\n<p>\ud83d\udcccEl paquete a recoger&nbsp; debe estar pago (Facturado) y&nbsp; disponible para la entrega.<span style=\"letter-spacing: 0px;\"><\/span><\/p>\n<p><span style=\"letter-spacing: 0px;\">\ud83d\udccc<\/span>En establecimientos comerciales o residenciales internos, en segundos&nbsp; pisos o mas, deben bajar&nbsp; el paquete, el mensajero no esta autorizado para ingresar.&nbsp;<\/p>\n<p><span style=\"letter-spacing: 0px;\">\ud83d\udccc<\/span>Pasamos a recoger el paquete desde el momento del agendamiento del servicio en el transcurso del d\u00eda, desde las 8 am hasta las&nbsp; 6:00pm.&nbsp;<\/p>\n<p>\ud83d\udcccNo verificamos contenido de paquetes, no respondemos por da\u00f1os ocasionados en paquetes sin embalar adecuadamente.<\/p>\n<p><span style=\"letter-spacing: 0px;\">\ud83d\udccc<\/span>99% probabilidad de realizar tu servicio el mismo d\u00eda.<\/p>\n<p><br><\/p>\n<p>P<b>ara&nbsp; servicios&nbsp; de&nbsp; env\u00edos<\/b><\/p><p><b><br><\/b><\/p>\n<p>Se deben cumplir&nbsp; con las siguientes condiciones:<b><\/b><\/p><p><br><\/p>\n<p>\ud83d\udcccSe genera un&nbsp;&nbsp;<span style=\"font-weight: 700;\">c\u00f3digo&nbsp; de&nbsp; servici<\/span>o (numero de&nbsp; servicio \u00fanico).<\/p>\n<p><span style=\"letter-spacing: 0px;\">\ud83d\udccc<\/span><span style=\"letter-spacing: 0px;\">Los paquetes deben estar rotulados con hablador con el nombre, tel\u00e9fono, direcci\u00f3n y especificaciones de uso (delicado, ubicaci\u00f3n y mas de ser necesario).<\/span><\/p>\n<p><span style=\"letter-spacing: 0px;\">\ud83d\udccc<\/span>Todo paquete debe estar&nbsp; sellado, sin aperturas.<\/p>\n<p><span style=\"letter-spacing: 0px;\">\ud83d\udccc<\/span><span style=\"letter-spacing: 0px;\">Todo paquete debe estar debidamente empacado seg\u00fan el tipo de producto, con papel burbuja, cart\u00f3n, Vinipel, sobre plastificado, guacal u&nbsp; otro.<\/span><\/p>\n<p><span style=\"letter-spacing: 0px;\">\ud83d\udcccPara entregas e<\/span><span style=\"letter-spacing: 0px;\">n establecimientos comerciales o residenciales internos, en segundos&nbsp; pisos o mas deben bajar&nbsp; el paquete, el mensajero no esta autorizado para ingresar.&nbsp;<\/span><\/p>\n<p><span style=\"letter-spacing: 0px;\">\ud83d\udcccEntregamos<\/span>&nbsp;el paquete&nbsp; transcurso del d\u00eda, seg\u00fan las fechas&nbsp; de&nbsp; entregas&nbsp; estimadas.<span style=\"letter-spacing: 0px;\"><\/span><\/p>\n<p>\ud83d\udcccNo verificamos contenido de paquetes, no respondemos por da\u00f1os ocasionados en paquetes sin embalar adecuadamente.<\/p>\n<p><!-- \/wp:paragraph --><\/p>\t\t\t\t\t\t<\/div>\n\t\t\t\t<\/div>\n\t\t\t\t\t<\/div>\n\t\t<\/div>\n\t\t\t\t\t\t\t<\/div>\n\t\t<\/section>\n\t\t\t\t\t\t\t<\/div>\n\t\t","protected":false},"excerpt":{"rendered":"<p>EL MANDADO YA SAS Para el tratamiento de datos persones, privacidad y protecci\u00f3n: considerada como responsable del tratamiento de datos personales, desarrolla la presente pol\u00edtica de privacidad y de protecci\u00f3n de datos personales a si como su recolecci\u00f3n, almacenamiento y administraci\u00f3n de acuerdo &nbsp;con&nbsp;&nbsp;Ley Estatutaria&hellip;<\/p>\n","protected":false},"author":1,"featured_media":0,"parent":0,"menu_order":0,"comment_status":"closed","ping_status":"closed","template":"","meta":[],"jetpack_sharing_enabled":true,"jetpack_likes_enabled":true,"_links":{"self":[{"href":"https:\/\/elmandadoya.com\/index.php\/wp-json\/wp\/v2\/pages\/10"}],"collection":[{"href":"https:\/\/elmandadoya.com\/index.php\/wp-json\/wp\/v2\/pages"}],"about":[{"href":"https:\/\/elmandadoya.com\/index.php\/wp-json\/wp\/v2\/types\/page"}],"author":[{"embeddable":true,"href":"https:\/\/elmandadoya.com\/index.php\/wp-json\/wp\/v2\/users\/1"}],"replies":[{"embeddable":true,"href":"https:\/\/elmandadoya.com\/index.php\/wp-json\/wp\/v2\/comments?post=10"}],"version-history":[{"count":21,"href":"https:\/\/elmandadoya.com\/index.php\/wp-json\/wp\/v2\/pages\/10\/revisions"}],"predecessor-version":[{"id":12698,"href":"https:\/\/elmandadoya.com\/index.php\/wp-json\/wp\/v2\/pages\/10\/revisions\/12698"}],"wp:attachment":[{"href":"https:\/\/elmandadoya.com\/index.php\/wp-json\/wp\/v2\/media?parent=10"}],"curies":[{"name":"wp","href":"https:\/\/api.w.org\/{rel}","templated":true}]}}